{"id":112,"date":"2020-02-04T12:24:31","date_gmt":"2020-02-04T11:24:31","guid":{"rendered":"https:\/\/valto.app\/?page_id=112"},"modified":"2024-01-02T20:05:56","modified_gmt":"2024-01-02T19:05:56","slug":"contrat-de-maintenance","status":"publish","type":"page","link":"https:\/\/valto.app\/en\/contrat-de-maintenance\/","title":{"rendered":"Maintenance of your Website"},"content":{"rendered":"<div class=\"wp-block-image is-style-default\">\n<figure class=\"aligncenter size-large\"><img decoding=\"async\" loading=\"lazy\" width=\"580\" height=\"334\" src=\"https:\/\/i0.wp.com\/valto.app\/wp-content\/uploads\/2020\/02\/illu-maintenance-01.png?resize=580%2C334&#038;ssl=1\" alt=\"\" class=\"wp-image-198\" srcset=\"https:\/\/i0.wp.com\/valto.app\/wp-content\/uploads\/2020\/02\/illu-maintenance-01.png?w=746&amp;ssl=1 746w, https:\/\/i0.wp.com\/valto.app\/wp-content\/uploads\/2020\/02\/illu-maintenance-01.png?resize=300%2C173&amp;ssl=1 300w\" sizes=\"(max-width: 580px) 100vw, 580px\" data-recalc-dims=\"1\" \/><\/figure><\/div>\n\n\n<h3 class=\"wp-block-heading\">Simple and robust, our solutions offer you dedicated and scalable resources.<\/h3>\n\n\n\n<p class=\" translation-block\">We offer you a turnkey solution to support your activity on the Internet, as well as local support to advise you and intervene in the event of a problem.\nFree your mind from the technical side to concentrate on your business.<\/p>\n\n\n\n<div class=\"wp-block-button is-style-outline\"><a class=\"wp-block-button__link wp-element-button\" href=\"https:\/\/valto.app\/en\/contact\/\">Request a quotation<\/a><\/div>\n\n\n\n<h2 class=\"wp-block-heading\">Details of the service<\/h2>\n\n\n\n<ul>\n<li>A dedicated team and direct contact.<\/li>\n\n\n\n<li>24-hour monitoring of your site.<\/li>\n\n\n\n<li>Preventive and corrective interventions to guarantee the proper functioning of your services.<\/li>\n\n\n\n<li>Periodic upgrading of your site (updating your CMS, its modules, the libraries used, etc.).<\/li>\n\n\n\n<li>Rapid intervention in the event of malfunctioning. We are committed to deadlines.<\/li>\n\n\n\n<li>Intervention in the event of piracy.<\/li>\n\n\n\n<li>Online requests and consultation of interventions via a dedicated intervention management tool.<\/li>\n\n\n\n<li>Collaborateurs et infrastructures bas\u00e9s en France.<\/li>\n<\/ul>\n\n\n\n<div class=\"wp-block-button is-style-outline\"><a class=\"wp-block-button__link wp-element-button\" href=\"https:\/\/valto.app\/en\/contact\/\">Tell us about your project<\/a><\/div>","protected":false},"excerpt":{"rendered":"<p>Simples et robustes, nos solutions vous offrent des ressources d\u00e9di\u00e9es et \u00e9volutives. Nous vous proposons une solution cl\u00e9 en main pour accompagner votre activit\u00e9 sur Internet, ainsi qu\u2019un support de proximit\u00e9 pour vous conseiller et intervenir en cas de probl\u00e8me.Lib\u00e9rez-vous l&rsquo;esprit de la technique pour vous concentrer sur votre activit\u00e9. D\u00e9tails du service<\/p>","protected":false},"author":1,"featured_media":0,"parent":0,"menu_order":0,"comment_status":"closed","ping_status":"closed","template":"","meta":{"footnotes":""},"yoast_head":"<!-- This site is optimized with the Yoast SEO plugin v21.0 - https:\/\/yoast.com\/wordpress\/plugins\/seo\/ -->\n<title>Maintenance de votre site - Valto : votre site robuste et performant<\/title>\n<meta name=\"robots\" content=\"index, follow, max-snippet:-1, max-image-preview:large, max-video-preview:-1\" \/>\n<link rel=\"canonical\" href=\"https:\/\/valto.app\/en\/contrat-de-maintenance\/\" \/>\n<meta property=\"og:locale\" content=\"en_US\" \/>\n<meta property=\"og:type\" content=\"article\" \/>\n<meta property=\"og:title\" content=\"Maintenance de votre site - Valto : votre site robuste et performant\" \/>\n<meta property=\"og:description\" content=\"Simples et robustes, nos solutions vous offrent des ressources d\u00e9di\u00e9es et \u00e9volutives. Nous vous proposons une solution cl\u00e9 en main pour accompagner votre activit\u00e9 sur Internet, ainsi qu\u2019un support de proximit\u00e9 pour vous conseiller et intervenir en cas de probl\u00e8me.Lib\u00e9rez-vous l&rsquo;esprit de la technique pour vous concentrer sur votre activit\u00e9. D\u00e9tails du service\" \/>\n<meta property=\"og:url\" content=\"https:\/\/valto.app\/en\/contrat-de-maintenance\/\" \/>\n<meta property=\"og:site_name\" content=\"Valto : votre site robuste et performant\" \/>\n<meta property=\"article:modified_time\" content=\"2024-01-02T19:05:56+00:00\" \/>\n<meta property=\"og:image\" content=\"https:\/\/valto.app\/wp-content\/uploads\/2020\/02\/illu-maintenance-01.png\" \/>\n<meta name=\"twitter:card\" content=\"summary_large_image\" \/>\n<meta name=\"twitter:label1\" content=\"Est. reading time\" \/>\n\t<meta name=\"twitter:data1\" content=\"1 minute\" \/>\n<script type=\"application\/ld+json\" class=\"yoast-schema-graph\">{\"@context\":\"https:\/\/schema.org\",\"@graph\":[{\"@type\":\"WebPage\",\"@id\":\"https:\/\/valto.app\/contrat-de-maintenance\/\",\"url\":\"https:\/\/valto.app\/contrat-de-maintenance\/\",\"name\":\"Maintenance de votre site - Valto : votre site robuste et performant\",\"isPartOf\":{\"@id\":\"https:\/\/valto.app\/#website\"},\"datePublished\":\"2020-02-04T11:24:31+00:00\",\"dateModified\":\"2024-01-02T19:05:56+00:00\",\"breadcrumb\":{\"@id\":\"https:\/\/valto.app\/contrat-de-maintenance\/#breadcrumb\"},\"inLanguage\":\"en-US\",\"potentialAction\":[{\"@type\":\"ReadAction\",\"target\":[\"https:\/\/valto.app\/contrat-de-maintenance\/\"]}]},{\"@type\":\"BreadcrumbList\",\"@id\":\"https:\/\/valto.app\/contrat-de-maintenance\/#breadcrumb\",\"itemListElement\":[{\"@type\":\"ListItem\",\"position\":1,\"name\":\"Accueil\",\"item\":\"https:\/\/valto.app\/\"},{\"@type\":\"ListItem\",\"position\":2,\"name\":\"Maintenance de votre site\"}]},{\"@type\":\"WebSite\",\"@id\":\"https:\/\/valto.app\/#website\",\"url\":\"https:\/\/valto.app\/\",\"name\":\"Valto, performance technique et SEO cl\u00e9 en main\",\"description\":\"Gestion de maintenance et de r\u00e9f\u00e9rencement cl\u00e9 en main.\",\"publisher\":{\"@id\":\"https:\/\/valto.app\/#organization\"},\"potentialAction\":[{\"@type\":\"SearchAction\",\"target\":{\"@type\":\"EntryPoint\",\"urlTemplate\":\"https:\/\/valto.app\/?s={search_term_string}\"},\"query-input\":\"required name=search_term_string\"}],\"inLanguage\":\"en-US\"},{\"@type\":\"Organization\",\"@id\":\"https:\/\/valto.app\/#organization\",\"name\":\"Valto, performance technique et SEO cl\u00e9 en main\",\"url\":\"https:\/\/valto.app\/\",\"logo\":{\"@type\":\"ImageObject\",\"inLanguage\":\"en-US\",\"@id\":\"https:\/\/valto.app\/#\/schema\/logo\/image\/\",\"url\":\"https:\/\/i0.wp.com\/valto.app\/wp-content\/uploads\/2023\/08\/cropped-valto-logo-01mention01.png?fit=336%2C156&ssl=1\",\"contentUrl\":\"https:\/\/i0.wp.com\/valto.app\/wp-content\/uploads\/2023\/08\/cropped-valto-logo-01mention01.png?fit=336%2C156&ssl=1\",\"width\":336,\"height\":156,\"caption\":\"Valto, performance technique et SEO cl\u00e9 en main\"},\"image\":{\"@id\":\"https:\/\/valto.app\/#\/schema\/logo\/image\/\"}}]}<\/script>\n<!-- \/ Yoast SEO plugin. -->","yoast_head_json":{"title":"Maintenance de votre site - Valto : votre site robuste et performant","robots":{"index":"index","follow":"follow","max-snippet":"max-snippet:-1","max-image-preview":"max-image-preview:large","max-video-preview":"max-video-preview:-1"},"canonical":"https:\/\/valto.app\/en\/contrat-de-maintenance\/","og_locale":"en_US","og_type":"article","og_title":"Maintenance de votre site - Valto : votre site robuste et performant","og_description":"Simples et robustes, nos solutions vous offrent des ressources d\u00e9di\u00e9es et \u00e9volutives. Nous vous proposons une solution cl\u00e9 en main pour accompagner votre activit\u00e9 sur Internet, ainsi qu\u2019un support de proximit\u00e9 pour vous conseiller et intervenir en cas de probl\u00e8me.Lib\u00e9rez-vous l&rsquo;esprit de la technique pour vous concentrer sur votre activit\u00e9. D\u00e9tails du service","og_url":"https:\/\/valto.app\/en\/contrat-de-maintenance\/","og_site_name":"Valto : votre site robuste et performant","article_modified_time":"2024-01-02T19:05:56+00:00","og_image":[{"url":"https:\/\/valto.app\/wp-content\/uploads\/2020\/02\/illu-maintenance-01.png"}],"twitter_card":"summary_large_image","twitter_misc":{"Est. reading time":"1 minute"},"schema":{"@context":"https:\/\/schema.org","@graph":[{"@type":"WebPage","@id":"https:\/\/valto.app\/contrat-de-maintenance\/","url":"https:\/\/valto.app\/contrat-de-maintenance\/","name":"Maintenance de votre site - Valto : votre site robuste et performant","isPartOf":{"@id":"https:\/\/valto.app\/#website"},"datePublished":"2020-02-04T11:24:31+00:00","dateModified":"2024-01-02T19:05:56+00:00","breadcrumb":{"@id":"https:\/\/valto.app\/contrat-de-maintenance\/#breadcrumb"},"inLanguage":"en-US","potentialAction":[{"@type":"ReadAction","target":["https:\/\/valto.app\/contrat-de-maintenance\/"]}]},{"@type":"BreadcrumbList","@id":"https:\/\/valto.app\/contrat-de-maintenance\/#breadcrumb","itemListElement":[{"@type":"ListItem","position":1,"name":"Accueil","item":"https:\/\/valto.app\/"},{"@type":"ListItem","position":2,"name":"Maintenance de votre site"}]},{"@type":"WebSite","@id":"https:\/\/valto.app\/#website","url":"https:\/\/valto.app\/","name":"Valto, performance technique et SEO cl\u00e9 en main","description":"Gestion de maintenance et de r\u00e9f\u00e9rencement cl\u00e9 en main.","publisher":{"@id":"https:\/\/valto.app\/#organization"},"potentialAction":[{"@type":"SearchAction","target":{"@type":"EntryPoint","urlTemplate":"https:\/\/valto.app\/?s={search_term_string}"},"query-input":"required name=search_term_string"}],"inLanguage":"en-US"},{"@type":"Organization","@id":"https:\/\/valto.app\/#organization","name":"Valto, performance technique et SEO cl\u00e9 en main","url":"https:\/\/valto.app\/","logo":{"@type":"ImageObject","inLanguage":"en-US","@id":"https:\/\/valto.app\/#\/schema\/logo\/image\/","url":"https:\/\/i0.wp.com\/valto.app\/wp-content\/uploads\/2023\/08\/cropped-valto-logo-01mention01.png?fit=336%2C156&ssl=1","contentUrl":"https:\/\/i0.wp.com\/valto.app\/wp-content\/uploads\/2023\/08\/cropped-valto-logo-01mention01.png?fit=336%2C156&ssl=1","width":336,"height":156,"caption":"Valto, performance technique et SEO cl\u00e9 en main"},"image":{"@id":"https:\/\/valto.app\/#\/schema\/logo\/image\/"}}]}},"_links":{"self":[{"href":"https:\/\/valto.app\/en\/wp-json\/wp\/v2\/pages\/112"}],"collection":[{"href":"https:\/\/valto.app\/en\/wp-json\/wp\/v2\/pages"}],"about":[{"href":"https:\/\/valto.app\/en\/wp-json\/wp\/v2\/types\/page"}],"author":[{"embeddable":true,"href":"https:\/\/valto.app\/en\/wp-json\/wp\/v2\/users\/1"}],"replies":[{"embeddable":true,"href":"https:\/\/valto.app\/en\/wp-json\/wp\/v2\/comments?post=112"}],"version-history":[{"count":15,"href":"https:\/\/valto.app\/en\/wp-json\/wp\/v2\/pages\/112\/revisions"}],"predecessor-version":[{"id":353,"href":"https:\/\/valto.app\/en\/wp-json\/wp\/v2\/pages\/112\/revisions\/353"}],"wp:attachment":[{"href":"https:\/\/valto.app\/en\/wp-json\/wp\/v2\/media?parent=112"}],"curies":[{"name":"wp","href":"https:\/\/api.w.org\/{rel}","templated":true}]}}