{"id":114,"date":"2020-02-04T12:26:00","date_gmt":"2020-02-04T11:26:00","guid":{"rendered":"https:\/\/valto.app\/?page_id=114"},"modified":"2020-02-09T14:46:25","modified_gmt":"2020-02-09T13:46:25","slug":"optimiser-votre-referencement","status":"publish","type":"page","link":"https:\/\/valto.app\/en\/optimiser-votre-referencement\/","title":{"rendered":"Make your website a reference"},"content":{"rendered":"<div class=\"wp-block-image\"><figure class=\"aligncenter size-large is-resized\"><img decoding=\"async\" loading=\"lazy\" src=\"https:\/\/i0.wp.com\/valto.app\/wp-content\/uploads\/2020\/02\/illu-seo-01.png?resize=340%2C350&#038;ssl=1\" alt=\"\" class=\"wp-image-200\" width=\"340\" height=\"350\" data-recalc-dims=\"1\" \/><\/figure><\/div>\n\n\n\n<h3 class=\"wp-block-heading\">We bring you more qualified visitors and therefore more business.<\/h3>\n\n\n\n<p>After analysing your business model, we plan a list of concrete actions that allow you to attract new visitors and we make sure that your site is ready to convert them into prospects.<\/p>\n\n\n\n<div class=\"wp-block-button is-style-outline\"><a class=\"wp-block-button__link\" href=\"https:\/\/valto.app\/en\/contact\/\">Request a quotation<\/a><\/div>\n\n\n\n<h2 class=\"wp-block-heading\">Details of the service<\/h2>\n\n\n\n<ul><li>Technical audit of your site.<\/li><li>SEO performance audit.<\/li><li>Definition of a strategy and a precise schedule to define the actions to be carried out.<\/li><li>We act on all the levels for an optimal strategy: technical optimisation (loading time, meta-description...), content creation, backlinks...<\/li><li>Every month, you will receive an audience report that explain the progress of your website and the opportunities to take.<\/li><\/ul>\n\n\n\n<div class=\"wp-block-button is-style-outline\"><a class=\"wp-block-button__link\" href=\"https:\/\/valto.app\/en\/contact\/\">Lets talk about your project<\/a><\/div>","protected":false},"excerpt":{"rendered":"<p>Nous vous apportons plus de visiteurs qualifi\u00e9s et donc plus de business. Apr\u00e8s analyse de votre mod\u00e8le \u00e9conomique, nous planifions une liste d&rsquo;actions concr\u00e8tes qui vous permettent d&rsquo;attirer de nouveaux visiteurs et nous nous assurons que votre site est pr\u00eat \u00e0 les convertir en prospects. D\u00e9tails du service Audit technique de votre site. Audit de [&hellip;]<\/p>","protected":false},"author":1,"featured_media":0,"parent":0,"menu_order":0,"comment_status":"closed","ping_status":"closed","template":"","meta":{"footnotes":""},"yoast_head":"<!-- This site is optimized with the Yoast SEO plugin v21.0 - https:\/\/yoast.com\/wordpress\/plugins\/seo\/ -->\n<title>Faites de votre site une r\u00e9f\u00e9rence - Valto : votre site robuste et performant<\/title>\n<meta name=\"robots\" content=\"index, follow, max-snippet:-1, max-image-preview:large, max-video-preview:-1\" \/>\n<link rel=\"canonical\" href=\"https:\/\/valto.app\/en\/optimiser-votre-referencement\/\" \/>\n<meta property=\"og:locale\" content=\"en_US\" \/>\n<meta property=\"og:type\" content=\"article\" \/>\n<meta property=\"og:title\" content=\"Faites de votre site une r\u00e9f\u00e9rence - Valto : votre site robuste et performant\" \/>\n<meta property=\"og:description\" content=\"Nous vous apportons plus de visiteurs qualifi\u00e9s et donc plus de business. Apr\u00e8s analyse de votre mod\u00e8le \u00e9conomique, nous planifions une liste d&rsquo;actions concr\u00e8tes qui vous permettent d&rsquo;attirer de nouveaux visiteurs et nous nous assurons que votre site est pr\u00eat \u00e0 les convertir en prospects. D\u00e9tails du service Audit technique de votre site. Audit de [&hellip;]\" \/>\n<meta property=\"og:url\" content=\"https:\/\/valto.app\/en\/optimiser-votre-referencement\/\" \/>\n<meta property=\"og:site_name\" content=\"Valto : votre site robuste et performant\" \/>\n<meta property=\"article:modified_time\" content=\"2020-02-09T13:46:25+00:00\" \/>\n<meta property=\"og:image\" content=\"https:\/\/valto.app\/wp-content\/uploads\/2020\/02\/illu-seo-01.png\" \/>\n<meta name=\"twitter:card\" content=\"summary_large_image\" \/>\n<meta name=\"twitter:label1\" content=\"Est. reading time\" \/>\n\t<meta name=\"twitter:data1\" content=\"1 minute\" \/>\n<script type=\"application\/ld+json\" class=\"yoast-schema-graph\">{\"@context\":\"https:\/\/schema.org\",\"@graph\":[{\"@type\":\"WebPage\",\"@id\":\"https:\/\/valto.app\/optimiser-votre-referencement\/\",\"url\":\"https:\/\/valto.app\/optimiser-votre-referencement\/\",\"name\":\"Faites de votre site une r\u00e9f\u00e9rence - Valto : votre site robuste et performant\",\"isPartOf\":{\"@id\":\"https:\/\/valto.app\/#website\"},\"datePublished\":\"2020-02-04T11:26:00+00:00\",\"dateModified\":\"2020-02-09T13:46:25+00:00\",\"breadcrumb\":{\"@id\":\"https:\/\/valto.app\/optimiser-votre-referencement\/#breadcrumb\"},\"inLanguage\":\"en-US\",\"potentialAction\":[{\"@type\":\"ReadAction\",\"target\":[\"https:\/\/valto.app\/optimiser-votre-referencement\/\"]}]},{\"@type\":\"BreadcrumbList\",\"@id\":\"https:\/\/valto.app\/optimiser-votre-referencement\/#breadcrumb\",\"itemListElement\":[{\"@type\":\"ListItem\",\"position\":1,\"name\":\"Accueil\",\"item\":\"https:\/\/valto.app\/\"},{\"@type\":\"ListItem\",\"position\":2,\"name\":\"Faites de votre site une r\u00e9f\u00e9rence\"}]},{\"@type\":\"WebSite\",\"@id\":\"https:\/\/valto.app\/#website\",\"url\":\"https:\/\/valto.app\/\",\"name\":\"Valto, performance technique et SEO cl\u00e9 en main\",\"description\":\"Gestion de maintenance et de r\u00e9f\u00e9rencement cl\u00e9 en main.\",\"publisher\":{\"@id\":\"https:\/\/valto.app\/#organization\"},\"potentialAction\":[{\"@type\":\"SearchAction\",\"target\":{\"@type\":\"EntryPoint\",\"urlTemplate\":\"https:\/\/valto.app\/?s={search_term_string}\"},\"query-input\":\"required name=search_term_string\"}],\"inLanguage\":\"en-US\"},{\"@type\":\"Organization\",\"@id\":\"https:\/\/valto.app\/#organization\",\"name\":\"Valto, performance technique et SEO cl\u00e9 en main\",\"url\":\"https:\/\/valto.app\/\",\"logo\":{\"@type\":\"ImageObject\",\"inLanguage\":\"en-US\",\"@id\":\"https:\/\/valto.app\/#\/schema\/logo\/image\/\",\"url\":\"https:\/\/i0.wp.com\/valto.app\/wp-content\/uploads\/2023\/08\/cropped-valto-logo-01mention01.png?fit=336%2C156&ssl=1\",\"contentUrl\":\"https:\/\/i0.wp.com\/valto.app\/wp-content\/uploads\/2023\/08\/cropped-valto-logo-01mention01.png?fit=336%2C156&ssl=1\",\"width\":336,\"height\":156,\"caption\":\"Valto, performance technique et SEO cl\u00e9 en main\"},\"image\":{\"@id\":\"https:\/\/valto.app\/#\/schema\/logo\/image\/\"}}]}<\/script>\n<!-- \/ Yoast SEO plugin. -->","yoast_head_json":{"title":"Faites de votre site une r\u00e9f\u00e9rence - Valto : votre site robuste et performant","robots":{"index":"index","follow":"follow","max-snippet":"max-snippet:-1","max-image-preview":"max-image-preview:large","max-video-preview":"max-video-preview:-1"},"canonical":"https:\/\/valto.app\/en\/optimiser-votre-referencement\/","og_locale":"en_US","og_type":"article","og_title":"Faites de votre site une r\u00e9f\u00e9rence - Valto : votre site robuste et performant","og_description":"Nous vous apportons plus de visiteurs qualifi\u00e9s et donc plus de business. Apr\u00e8s analyse de votre mod\u00e8le \u00e9conomique, nous planifions une liste d&rsquo;actions concr\u00e8tes qui vous permettent d&rsquo;attirer de nouveaux visiteurs et nous nous assurons que votre site est pr\u00eat \u00e0 les convertir en prospects. D\u00e9tails du service Audit technique de votre site. Audit de [&hellip;]","og_url":"https:\/\/valto.app\/en\/optimiser-votre-referencement\/","og_site_name":"Valto : votre site robuste et performant","article_modified_time":"2020-02-09T13:46:25+00:00","og_image":[{"url":"https:\/\/valto.app\/wp-content\/uploads\/2020\/02\/illu-seo-01.png"}],"twitter_card":"summary_large_image","twitter_misc":{"Est. reading time":"1 minute"},"schema":{"@context":"https:\/\/schema.org","@graph":[{"@type":"WebPage","@id":"https:\/\/valto.app\/optimiser-votre-referencement\/","url":"https:\/\/valto.app\/optimiser-votre-referencement\/","name":"Faites de votre site une r\u00e9f\u00e9rence - Valto : votre site robuste et performant","isPartOf":{"@id":"https:\/\/valto.app\/#website"},"datePublished":"2020-02-04T11:26:00+00:00","dateModified":"2020-02-09T13:46:25+00:00","breadcrumb":{"@id":"https:\/\/valto.app\/optimiser-votre-referencement\/#breadcrumb"},"inLanguage":"en-US","potentialAction":[{"@type":"ReadAction","target":["https:\/\/valto.app\/optimiser-votre-referencement\/"]}]},{"@type":"BreadcrumbList","@id":"https:\/\/valto.app\/optimiser-votre-referencement\/#breadcrumb","itemListElement":[{"@type":"ListItem","position":1,"name":"Accueil","item":"https:\/\/valto.app\/"},{"@type":"ListItem","position":2,"name":"Faites de votre site une r\u00e9f\u00e9rence"}]},{"@type":"WebSite","@id":"https:\/\/valto.app\/#website","url":"https:\/\/valto.app\/","name":"Valto, performance technique et SEO cl\u00e9 en main","description":"Gestion de maintenance et de r\u00e9f\u00e9rencement cl\u00e9 en main.","publisher":{"@id":"https:\/\/valto.app\/#organization"},"potentialAction":[{"@type":"SearchAction","target":{"@type":"EntryPoint","urlTemplate":"https:\/\/valto.app\/?s={search_term_string}"},"query-input":"required name=search_term_string"}],"inLanguage":"en-US"},{"@type":"Organization","@id":"https:\/\/valto.app\/#organization","name":"Valto, performance technique et SEO cl\u00e9 en main","url":"https:\/\/valto.app\/","logo":{"@type":"ImageObject","inLanguage":"en-US","@id":"https:\/\/valto.app\/#\/schema\/logo\/image\/","url":"https:\/\/i0.wp.com\/valto.app\/wp-content\/uploads\/2023\/08\/cropped-valto-logo-01mention01.png?fit=336%2C156&ssl=1","contentUrl":"https:\/\/i0.wp.com\/valto.app\/wp-content\/uploads\/2023\/08\/cropped-valto-logo-01mention01.png?fit=336%2C156&ssl=1","width":336,"height":156,"caption":"Valto, performance technique et SEO cl\u00e9 en main"},"image":{"@id":"https:\/\/valto.app\/#\/schema\/logo\/image\/"}}]}},"_links":{"self":[{"href":"https:\/\/valto.app\/en\/wp-json\/wp\/v2\/pages\/114"}],"collection":[{"href":"https:\/\/valto.app\/en\/wp-json\/wp\/v2\/pages"}],"about":[{"href":"https:\/\/valto.app\/en\/wp-json\/wp\/v2\/types\/page"}],"author":[{"embeddable":true,"href":"https:\/\/valto.app\/en\/wp-json\/wp\/v2\/users\/1"}],"replies":[{"embeddable":true,"href":"https:\/\/valto.app\/en\/wp-json\/wp\/v2\/comments?post=114"}],"version-history":[{"count":11,"href":"https:\/\/valto.app\/en\/wp-json\/wp\/v2\/pages\/114\/revisions"}],"predecessor-version":[{"id":229,"href":"https:\/\/valto.app\/en\/wp-json\/wp\/v2\/pages\/114\/revisions\/229"}],"wp:attachment":[{"href":"https:\/\/valto.app\/en\/wp-json\/wp\/v2\/media?parent=114"}],"curies":[{"name":"wp","href":"https:\/\/api.w.org\/{rel}","templated":true}]}}